{"id":1032,"date":"2023-07-11T15:50:03","date_gmt":"2023-07-11T19:50:03","guid":{"rendered":"https:\/\/www.altimatel.com\/content\/?page_id=1032"},"modified":"2023-07-24T18:11:07","modified_gmt":"2023-07-24T22:11:07","slug":"amplificateur-wi-fi-6-reinitialisation-des-parametres-dusine","status":"publish","type":"page","link":"https:\/\/www.altimatel.com\/content\/?page_id=1032&lang=fr","title":{"rendered":"Amplificateur Wi-Fi 6 : R\u00e9initialisation des param\u00e8tres d\u2019usine"},"content":{"rendered":"\n<h2 class=\"wp-block-heading\"><strong><strong>Amplificateur Wi-Fi 6 : R\u00e9initialisation des param\u00e8tres d\u2019usine<\/strong><\/strong><\/h2>\n\n\n\n<figure class=\"wp-block-table\"><table><tbody><tr><td class=\"has-text-align-center\" data-align=\"center\"><strong>\u00c9tape<\/strong><\/td><td><strong>Action<\/strong><\/td><\/tr><tr><td class=\"has-text-align-center\" data-align=\"center\">1<\/td><td>Pour r\u00e9tablir les param\u00e8tres d\u2019usine du routeur de Wi-Fi\u00a06 amplifi\u00e9, maintenez le bouton de r\u00e9initialisation enfonc\u00e9 pendant 3 \u00e0 5\u00a0secondes.<\/td><\/tr><tr><td class=\"has-text-align-center\" data-align=\"center\">2<\/td><td>Le voyant DEL clignote en rouge pour indiquer qu\u2019une r\u00e9initialisation des param\u00e8tres d\u2019usine a \u00e9t\u00e9 effectu\u00e9e. Attendez que le voyant redevienne vert fixe.\u00a0<\/td><\/tr><tr><td class=\"has-text-align-center\" data-align=\"center\">3<\/td><td> Le nom du r\u00e9seau et le mot de passe administrateur sont en dessous de l\u2019appareil, sous la base amovible.\u00a0<\/td><\/tr><\/tbody><\/table><\/figure>\n","protected":false},"excerpt":{"rendered":"<p>Amplificateur Wi-Fi 6 : R\u00e9initialisation des param\u00e8tres d\u2019usine \u00c9tape Action 1 Pour r\u00e9tablir les param\u00e8tres d\u2019usine du routeur de Wi-Fi\u00a06 amplifi\u00e9, maintenez le bouton de r\u00e9initialisation enfonc\u00e9 pendant 3 \u00e0 5\u00a0secondes. 2 Le voyant DEL clignote en rouge pour indiquer qu\u2019une r\u00e9initialisation des param\u00e8tres d\u2019usine a \u00e9t\u00e9 effectu\u00e9e. Attendez que le voyant redevienne vert fixe.\u00a0 [&hellip;]<\/p>\n","protected":false},"author":1,"featured_media":0,"parent":0,"menu_order":0,"comment_status":"closed","ping_status":"closed","template":"page-templates\/single-column.php","meta":{"_links_to":"","_links_to_target":""},"_links":{"self":[{"href":"https:\/\/www.altimatel.com\/content\/index.php?rest_route=\/wp\/v2\/pages\/1032"}],"collection":[{"href":"https:\/\/www.altimatel.com\/content\/index.php?rest_route=\/wp\/v2\/pages"}],"about":[{"href":"https:\/\/www.altimatel.com\/content\/index.php?rest_route=\/wp\/v2\/types\/page"}],"author":[{"embeddable":true,"href":"https:\/\/www.altimatel.com\/content\/index.php?rest_route=\/wp\/v2\/users\/1"}],"replies":[{"embeddable":true,"href":"https:\/\/www.altimatel.com\/content\/index.php?rest_route=%2Fwp%2Fv2%2Fcomments&post=1032"}],"version-history":[{"count":5,"href":"https:\/\/www.altimatel.com\/content\/index.php?rest_route=\/wp\/v2\/pages\/1032\/revisions"}],"predecessor-version":[{"id":1166,"href":"https:\/\/www.altimatel.com\/content\/index.php?rest_route=\/wp\/v2\/pages\/1032\/revisions\/1166"}],"wp:attachment":[{"href":"https:\/\/www.altimatel.com\/content\/index.php?rest_route=%2Fwp%2Fv2%2Fmedia&parent=1032"}],"curies":[{"name":"wp","href":"https:\/\/api.w.org\/{rel}","templated":true}]}}