{"id":1034,"date":"2023-07-11T15:53:23","date_gmt":"2023-07-11T19:53:23","guid":{"rendered":"https:\/\/www.altimatel.com\/content\/?page_id=1034"},"modified":"2023-07-27T15:15:05","modified_gmt":"2023-07-27T19:15:05","slug":"amplificateur-wi-fi-activation-du-ssid-invite","status":"publish","type":"page","link":"https:\/\/www.altimatel.com\/content\/?page_id=1034&lang=fr","title":{"rendered":"Amplificateur Wi-Fi : Activation du SSID invit\u00e9"},"content":{"rendered":"\n<h2 class=\"wp-block-heading\"><strong><strong>Amplificateur Wi-Fi : Activation du SSID invit\u00e9<\/strong><\/strong><\/h2>\n\n\n\n<figure class=\"wp-block-table\"><table><tbody><tr><td style=\"text-align:center;\"><b> \u00c9tape <\/b><\/td><td colspan=\"2\"  style=\"text-align:center;\"><b> Action <\/b><\/td><\/tr><tr><td rowspan=\"2\" style=\"width:100px;text-align:center;\">1<\/td><td>Interface utilisateur graphique<\/td><td>\u25cf&nbsp;&nbsp;&nbsp;&nbsp;&nbsp; Utilisez l\u2019adresse&nbsp;IP&nbsp;par d\u00e9faut du routeur de Wi-Fi&nbsp;6 amplifi\u00e9, 192.168.1.254.<br>\u25cf&nbsp;&nbsp;&nbsp;&nbsp;&nbsp; Entrez l\u2019adresse IP dans la fen\u00eatre du navigateur. Utilisez les identifiants figurant sur l\u2019autocollant (enlevez le bo\u00eetier inf\u00e9rieur, les renseignements sont inscrits sur le m\u00eame autocollant que les renseignements sur les DEL) pour acc\u00e9der \u00e0 l\u2019interface utilisateur graphique du routeur de Wi-Fi&nbsp;6 amplifi\u00e9.<\/td><\/tr><tr><td>InSight<\/td><td>\u25cf&nbsp;&nbsp;&nbsp;&nbsp;&nbsp; Trouvez l\u2019adresse IP du routeur de Wi-Fi&nbsp;6 amplifi\u00e9 dans InSight.<br>\u25cf&nbsp;&nbsp;&nbsp;&nbsp;&nbsp; Entrez l\u2019adresse IP dans la fen\u00eatre du navigateur. Utilisez les identifiants figurant sur l\u2019autocollant (enlevez le bo\u00eetier inf\u00e9rieur, les renseignements sont inscrits sur le m\u00eame autocollant que les renseignements sur les DEL) pour acc\u00e9der \u00e0 l\u2019interface utilisateur graphique du routeur de Wi-Fi&nbsp;6 amplifi\u00e9.<\/td><\/tr><tr><td style=\"text-align:center;\">2<\/td><td colspan=\"2\">Cliquez sur l\u2019option Wi-Fi dans le menu de gauche.<\/td><\/tr><tr><td style=\"text-align:center;\">3<\/td><td colspan=\"2\">Cliquez sur Guest network (r\u00e9seau invit\u00e9) en haut de la page.&nbsp;<\/td><\/tr><tr><td style=\"text-align:center;\">4<\/td><td colspan=\"2\">Dans la liste d\u00e9roulante de l\u2019\u00e9tat, choisissez Enabled (activ\u00e9), puis cliquez sur Save (enregistrer).&nbsp;<\/td><\/tr><\/tbody><\/table><\/figure>\n","protected":false},"excerpt":{"rendered":"<p>Amplificateur Wi-Fi : Activation du SSID invit\u00e9 \u00c9tape Action 1 Interface utilisateur graphique \u25cf&nbsp;&nbsp;&nbsp;&nbsp;&nbsp; Utilisez l\u2019adresse&nbsp;IP&nbsp;par d\u00e9faut du routeur de Wi-Fi&nbsp;6 amplifi\u00e9, 192.168.1.254.\u25cf&nbsp;&nbsp;&nbsp;&nbsp;&nbsp; Entrez l\u2019adresse IP dans la fen\u00eatre du navigateur. Utilisez les identifiants figurant sur l\u2019autocollant (enlevez le bo\u00eetier inf\u00e9rieur, les renseignements sont inscrits sur le m\u00eame autocollant que les renseignements sur les DEL) [&hellip;]<\/p>\n","protected":false},"author":1,"featured_media":0,"parent":0,"menu_order":0,"comment_status":"closed","ping_status":"closed","template":"page-templates\/single-column.php","meta":{"_links_to":"","_links_to_target":""},"_links":{"self":[{"href":"https:\/\/www.altimatel.com\/content\/index.php?rest_route=\/wp\/v2\/pages\/1034"}],"collection":[{"href":"https:\/\/www.altimatel.com\/content\/index.php?rest_route=\/wp\/v2\/pages"}],"about":[{"href":"https:\/\/www.altimatel.com\/content\/index.php?rest_route=\/wp\/v2\/types\/page"}],"author":[{"embeddable":true,"href":"https:\/\/www.altimatel.com\/content\/index.php?rest_route=\/wp\/v2\/users\/1"}],"replies":[{"embeddable":true,"href":"https:\/\/www.altimatel.com\/content\/index.php?rest_route=%2Fwp%2Fv2%2Fcomments&post=1034"}],"version-history":[{"count":14,"href":"https:\/\/www.altimatel.com\/content\/index.php?rest_route=\/wp\/v2\/pages\/1034\/revisions"}],"predecessor-version":[{"id":1181,"href":"https:\/\/www.altimatel.com\/content\/index.php?rest_route=\/wp\/v2\/pages\/1034\/revisions\/1181"}],"wp:attachment":[{"href":"https:\/\/www.altimatel.com\/content\/index.php?rest_route=%2Fwp%2Fv2%2Fmedia&parent=1034"}],"curies":[{"name":"wp","href":"https:\/\/api.w.org\/{rel}","templated":true}]}}