{"id":1038,"date":"2023-07-11T16:01:00","date_gmt":"2023-07-11T20:01:00","guid":{"rendered":"https:\/\/www.altimatel.com\/content\/?page_id=1038"},"modified":"2023-07-24T18:08:51","modified_gmt":"2023-07-24T22:08:51","slug":"amplificateur-wi-fi-6-ports","status":"publish","type":"page","link":"https:\/\/www.altimatel.com\/content\/?page_id=1038&lang=fr","title":{"rendered":"Amplificateur Wi-Fi 6 : Ports"},"content":{"rendered":"\n<h2 class=\"wp-block-heading\"><strong><strong>Amplificateur Wi-Fi 6 : Ports<\/strong><\/strong><\/h2>\n\n\n\n<figure class=\"wp-block-table\"><table><tbody><tr><td><strong>Ports et boutons<\/strong><\/td><td><strong>Description<\/strong><\/td><\/tr><tr><td>Bouton WPS<\/td><td>Pour activer la connexion WPS, appuyer sur ce bouton pendant 10\u00a0secondes. Le voyant DEL situ\u00e9 \u00e0 l\u2019avant du routeur de Wi-Fi 6 amplifi\u00e9 se mettra \u00e0 clignoter en violet.<\/td><\/tr><tr><td>Port de l\u2019adaptateur de courant<\/td><td>L\u2019endroit o\u00f9 connecter l\u2019adaptateur de courant.<\/td><\/tr><tr><td>Port coaxial<\/td><td>Le port coaxial est d\u00e9sactiv\u00e9 sur le routeur de Wi-Fi&nbsp;6 amplifi\u00e9. Un capuchon en caoutchouc blanc est ajout\u00e9 pour couvrir le port et pour \u00e9viter son utilisation.<\/td><\/tr><tr><td>2,5&nbsp;GHz<\/td><td>Se connecte \u00e0&nbsp;:&nbsp;<br>\u25aa&nbsp;&nbsp;&nbsp;&nbsp;&nbsp;&nbsp; Modem c\u00e2ble Sercomm&nbsp;DM1000 (agit comme port de r\u00e9seau \u00e9tendu)<\/td><\/tr><tr><td>Ports Ethernet&nbsp;1 et 2<\/td><td>Ports Ethernet pouvant prendre en charge des vitesses allant jusqu\u2019\u00e0 1&nbsp;Gbit\/s.<\/td><\/tr><tr><td>R\u00e9tablissement des param\u00e8tres d\u2019usine<\/td><td>Ce bouton r\u00e9tablit les param\u00e8tres d\u2019usine par d\u00e9faut du dispositif. Pour savoir comment r\u00e9tablir les param\u00e8tres d\u2019usine par d\u00e9faut, consultez la page <a href=\"https:\/\/www.altimatel.com\/content\/?page_id=1032&amp;lang=fr\" data-type=\"page\" data-id=\"1032\" target=\"_blank\" rel=\"noreferrer noopener\">Amplificateur Wi-Fi 6 : R\u00e9initialisation des param\u00e8tres d\u2019usine<\/a>.<\/td><\/tr><\/tbody><\/table><\/figure>\n","protected":false},"excerpt":{"rendered":"<p>Amplificateur Wi-Fi 6 : Ports Ports et boutons Description Bouton WPS Pour activer la connexion WPS, appuyer sur ce bouton pendant 10\u00a0secondes. Le voyant DEL situ\u00e9 \u00e0 l\u2019avant du routeur de Wi-Fi 6 amplifi\u00e9 se mettra \u00e0 clignoter en violet. Port de l\u2019adaptateur de courant L\u2019endroit o\u00f9 connecter l\u2019adaptateur de courant. Port coaxial Le port [&hellip;]<\/p>\n","protected":false},"author":1,"featured_media":0,"parent":0,"menu_order":0,"comment_status":"closed","ping_status":"closed","template":"page-templates\/single-column.php","meta":{"_links_to":"","_links_to_target":""},"_links":{"self":[{"href":"https:\/\/www.altimatel.com\/content\/index.php?rest_route=\/wp\/v2\/pages\/1038"}],"collection":[{"href":"https:\/\/www.altimatel.com\/content\/index.php?rest_route=\/wp\/v2\/pages"}],"about":[{"href":"https:\/\/www.altimatel.com\/content\/index.php?rest_route=\/wp\/v2\/types\/page"}],"author":[{"embeddable":true,"href":"https:\/\/www.altimatel.com\/content\/index.php?rest_route=\/wp\/v2\/users\/1"}],"replies":[{"embeddable":true,"href":"https:\/\/www.altimatel.com\/content\/index.php?rest_route=%2Fwp%2Fv2%2Fcomments&post=1038"}],"version-history":[{"count":8,"href":"https:\/\/www.altimatel.com\/content\/index.php?rest_route=\/wp\/v2\/pages\/1038\/revisions"}],"predecessor-version":[{"id":1163,"href":"https:\/\/www.altimatel.com\/content\/index.php?rest_route=\/wp\/v2\/pages\/1038\/revisions\/1163"}],"wp:attachment":[{"href":"https:\/\/www.altimatel.com\/content\/index.php?rest_route=%2Fwp%2Fv2%2Fmedia&parent=1038"}],"curies":[{"name":"wp","href":"https:\/\/api.w.org\/{rel}","templated":true}]}}