{"id":1040,"date":"2023-07-11T16:05:24","date_gmt":"2023-07-11T20:05:24","guid":{"rendered":"https:\/\/www.altimatel.com\/content\/?page_id=1040"},"modified":"2023-07-24T18:12:31","modified_gmt":"2023-07-24T22:12:31","slug":"amplificateur-wi-fi-6-del","status":"publish","type":"page","link":"https:\/\/www.altimatel.com\/content\/?page_id=1040&lang=fr","title":{"rendered":"Amplificateur Wi-Fi 6 : DEL"},"content":{"rendered":"\n<h2 class=\"wp-block-heading\"><strong><strong>Amplificateur Wi-Fi 6 : DEL<\/strong><\/strong><\/h2>\n\n\n\n<figure class=\"wp-block-table\"><table><tbody><tr><td><strong>Voyant<\/strong><\/td><td><strong>Description<\/strong><\/td><\/tr><tr><td>Aucun voyant<\/td><td>Votre routeur de Wi-Fi&nbsp;6 amplifi\u00e9 est \u00e9teint.<br>\u25aa&nbsp;&nbsp;&nbsp;&nbsp;&nbsp;&nbsp; Assurez-vous que le cordon d\u2019alimentation est correctement branch\u00e9.&nbsp;<br>\u25aa&nbsp;&nbsp;&nbsp;&nbsp;&nbsp;&nbsp; Essayez une autre prise de courant.<\/td><\/tr><tr><td>Blanc<\/td><td>Votre routeur de Wi-Fi&nbsp;6 amplifi\u00e9 est en train de d\u00e9marrer.<br>\u25aa&nbsp;&nbsp;&nbsp;&nbsp;&nbsp;&nbsp; N\u2019interrompez pas ce processus.<br>\u25aa&nbsp;&nbsp;&nbsp;&nbsp;&nbsp;&nbsp; Le voyant deviendra vert fixe dans quelques minutes, lorsque le processus sera termin\u00e9.<\/td><\/tr><tr><td>Vert<\/td><td>Votre routeur de Wi-Fi&nbsp;6 amplifi\u00e9 est en ligne.<br>\u25aa&nbsp;&nbsp;&nbsp;&nbsp;&nbsp;&nbsp; Votre routeur de Wi-Fi&nbsp;6 amplifi\u00e9 est connect\u00e9 \u00e0 Internet et fonctionne correctement.<\/td><\/tr><tr><td>Vert clignotant<\/td><td>Votre routeur de Wi-Fi&nbsp;6 amplifi\u00e9 est en cours de mise \u00e0 jour.&nbsp;<br>\u25aa&nbsp;&nbsp;&nbsp;&nbsp;&nbsp;&nbsp; N\u2019interrompez pas ce processus.<br>\u25aa&nbsp;&nbsp;&nbsp;&nbsp;&nbsp;&nbsp; Le voyant deviendra vert fixe dans quelques minutes, lorsque le processus sera termin\u00e9.<\/td><\/tr><tr><td>Violet clignotant<\/td><td>Le micrologiciel de votre routeur de Wi-Fi&nbsp;6 amplifi\u00e9 est en cours de mise \u00e0 jour.<br>\u25aa&nbsp;&nbsp;&nbsp;&nbsp;&nbsp;&nbsp; N\u2019interrompez pas ce processus.<br>\u25aa&nbsp;&nbsp;&nbsp;&nbsp;&nbsp;&nbsp; Le voyant deviendra vert fixe dans quelques minutes, lorsque le processus sera termin\u00e9.<\/td><\/tr><tr><td>Orange<\/td><td>L\u2019une des bandes Wi-Fi est d\u00e9sactiv\u00e9e.<br>\u25aa&nbsp;&nbsp;&nbsp;&nbsp;&nbsp;&nbsp; L\u2019une des radios Wi-Fi (2,5&nbsp;GHz ou 5&nbsp;GHz) est d\u00e9sactiv\u00e9e.<\/td><\/tr><tr><td>Rouge<\/td><td>Votre routeur de Wi-Fi&nbsp;6 amplifi\u00e9 ne peut pas \u00e0 se connecter \u00e0 Internet.<br>\u25aa&nbsp;&nbsp;&nbsp;&nbsp;&nbsp;&nbsp; Connexion directe&nbsp;DM1000<br>\u25aa&nbsp;&nbsp;&nbsp;&nbsp;&nbsp;&nbsp; Assurez-vous que le c\u00e2ble Ethernet est branch\u00e9 dans le port de 2,5&nbsp;GHz du routeur de Wi-Fi&nbsp;6 amplifi\u00e9 et dans le port 2,5&nbsp;GHz du Sercomm&nbsp;DM1000.<br>\u25aa&nbsp;&nbsp;&nbsp;&nbsp;&nbsp;&nbsp; Si le voyant reste rouge fixe pendant plus de 10&nbsp;minutes, appelez-nous pour obtenir de l\u2019aide.<\/td><\/tr><tr><td>Rouge clignotant<\/td><td>Votre routeur de Wi-Fi&nbsp;6 amplifi\u00e9 est en cours de r\u00e9initialisation des param\u00e8tres d\u2019usine.<br>\u25aa&nbsp;&nbsp;&nbsp;&nbsp;&nbsp;&nbsp; N\u2019interrompez pas ce processus.<br>\u25aa&nbsp;&nbsp;&nbsp;&nbsp;&nbsp;&nbsp; Le voyant deviendra vert fixe dans quelques minutes, lorsque le processus sera termin\u00e9.<\/td><\/tr><\/tbody><\/table><\/figure>\n","protected":false},"excerpt":{"rendered":"<p>Amplificateur Wi-Fi 6 : DEL Voyant Description Aucun voyant Votre routeur de Wi-Fi&nbsp;6 amplifi\u00e9 est \u00e9teint.\u25aa&nbsp;&nbsp;&nbsp;&nbsp;&nbsp;&nbsp; Assurez-vous que le cordon d\u2019alimentation est correctement branch\u00e9.&nbsp;\u25aa&nbsp;&nbsp;&nbsp;&nbsp;&nbsp;&nbsp; Essayez une autre prise de courant. Blanc Votre routeur de Wi-Fi&nbsp;6 amplifi\u00e9 est en train de d\u00e9marrer.\u25aa&nbsp;&nbsp;&nbsp;&nbsp;&nbsp;&nbsp; N\u2019interrompez pas ce processus.\u25aa&nbsp;&nbsp;&nbsp;&nbsp;&nbsp;&nbsp; Le voyant deviendra vert fixe dans quelques minutes, lorsque le [&hellip;]<\/p>\n","protected":false},"author":1,"featured_media":0,"parent":0,"menu_order":0,"comment_status":"closed","ping_status":"closed","template":"page-templates\/single-column.php","meta":{"_links_to":"","_links_to_target":""},"_links":{"self":[{"href":"https:\/\/www.altimatel.com\/content\/index.php?rest_route=\/wp\/v2\/pages\/1040"}],"collection":[{"href":"https:\/\/www.altimatel.com\/content\/index.php?rest_route=\/wp\/v2\/pages"}],"about":[{"href":"https:\/\/www.altimatel.com\/content\/index.php?rest_route=\/wp\/v2\/types\/page"}],"author":[{"embeddable":true,"href":"https:\/\/www.altimatel.com\/content\/index.php?rest_route=\/wp\/v2\/users\/1"}],"replies":[{"embeddable":true,"href":"https:\/\/www.altimatel.com\/content\/index.php?rest_route=%2Fwp%2Fv2%2Fcomments&post=1040"}],"version-history":[{"count":2,"href":"https:\/\/www.altimatel.com\/content\/index.php?rest_route=\/wp\/v2\/pages\/1040\/revisions"}],"predecessor-version":[{"id":1167,"href":"https:\/\/www.altimatel.com\/content\/index.php?rest_route=\/wp\/v2\/pages\/1040\/revisions\/1167"}],"wp:attachment":[{"href":"https:\/\/www.altimatel.com\/content\/index.php?rest_route=%2Fwp%2Fv2%2Fmedia&parent=1040"}],"curies":[{"name":"wp","href":"https:\/\/api.w.org\/{rel}","templated":true}]}}