{"id":1427,"date":"2024-02-15T13:05:56","date_gmt":"2024-02-15T18:05:56","guid":{"rendered":"https:\/\/www.altimatel.com\/content\/?page_id=1427"},"modified":"2024-02-22T19:24:59","modified_gmt":"2024-02-23T00:24:59","slug":"configuration-de-la-messagerie-vocale","status":"publish","type":"page","link":"https:\/\/www.altimatel.com\/content\/?page_id=1427&lang=fr","title":{"rendered":"Configuration de la messagerie vocale"},"content":{"rendered":"\n<div style=\"height:40px\" aria-hidden=\"true\" class=\"wp-block-spacer\"><\/div>\n\n\n\n<h4 class=\"wp-block-heading has-black-color has-text-color\"><strong>Configuration de la messagerie vocale<\/strong><\/h4>\n\n\n\n<p>Pour acc\u00e9der \u00e0 votre messagerie vocale, composez simplement le *97 et saisissez le mot de passe par d\u00e9faut 12345. Une fois connect\u00e9, vous pourrez \u00e9couter vos messages vocaux, naviguer parmi les options et g\u00e9rer les param\u00e8tres de votre messagerie vocale.<\/p>\n\n\n\n<div style=\"height:30px\" aria-hidden=\"true\" class=\"wp-block-spacer\"><\/div>\n\n\n\n<h4 class=\"wp-block-heading has-black-color has-text-color\">Nouveaux codes \u00e9toile et fonctionnalit\u00e9s prises en charge:<\/h4>\n\n\n\n<p>Veuillez vous r\u00e9f\u00e9rer \u00e0 ce tableau pour les fonctionnalit\u00e9s prises en charge et leurs codes \u00e9toile associ\u00e9s.<\/p>\n\n\n\n<figure class=\"wp-block-table is-style-regular wp-block-table-voicemail newwidth\"><table><thead><tr><th>Options<\/th><th>Codes Altima<\/th><\/tr><\/thead><tbody><tr><td>Bloquer un num\u00e9ro<\/td><td>*30<\/td><\/tr><tr><td>Bloquer le dernier num\u00e9ro appelant<\/td><td>*32<\/td><\/tr><tr><td>D\u00e9bloquer un num\u00e9ro<\/td><td>*31<\/td><\/tr><tr><td>Renvoi d\u2019appel (tous les appels) &#8211; Activation<\/td><td>*72<\/td><\/tr><tr><td>Renvoi d\u2019appel (tous les appels) &#8211; D\u00e9sactivation<\/td><td>*73<\/td><\/tr><tr><td>Renvoi d\u2019appel sur occupation &#8211; Activation<\/td><td>*90<\/td><\/tr><tr><td>Renvoi d\u2019appel sur occupation &#8211; D\u00e9sactivation<\/td><td>*91<\/td><\/tr><tr><td>Renvoi d\u2019appel sur non r\u00e9ponse &#8211; Activation<\/td><td>*52<\/td><\/tr><tr><td>Renvoi d\u2019appel sur non r\u00e9ponse &#8211; D\u00e9sactivation<\/td><td>*53<\/td><\/tr><tr><td>Appel en attente &#8211; Activation<\/td><td>*70<\/td><\/tr><tr><td>Appel en attente &#8211; D\u00e9sactivation<\/td><td>*71<\/td><\/tr><tr><td>Ne pas d\u00e9ranger &#8211; Activation<\/td><td>*78<\/td><\/tr><tr><td>Ne pas d\u00e9ranger &#8211; D\u00e9sactivation<\/td><td>*79<\/td><\/tr><tr><td>Messagerie vocale<\/td><td>*97<\/td><\/tr><\/tbody><\/table><\/figure>\n","protected":false},"excerpt":{"rendered":"<p>Configuration de la messagerie vocale Pour acc\u00e9der \u00e0 votre messagerie vocale, composez simplement le *97 et saisissez le mot de passe par d\u00e9faut 12345. Une fois connect\u00e9, vous pourrez \u00e9couter vos messages vocaux, naviguer parmi les options et g\u00e9rer les param\u00e8tres de votre messagerie vocale. Nouveaux codes \u00e9toile et fonctionnalit\u00e9s prises en charge: Veuillez vous [&hellip;]<\/p>\n","protected":false},"author":1,"featured_media":0,"parent":0,"menu_order":0,"comment_status":"closed","ping_status":"closed","template":"page-templates\/single-column.php","meta":{"_links_to":"","_links_to_target":""},"_links":{"self":[{"href":"https:\/\/www.altimatel.com\/content\/index.php?rest_route=\/wp\/v2\/pages\/1427"}],"collection":[{"href":"https:\/\/www.altimatel.com\/content\/index.php?rest_route=\/wp\/v2\/pages"}],"about":[{"href":"https:\/\/www.altimatel.com\/content\/index.php?rest_route=\/wp\/v2\/types\/page"}],"author":[{"embeddable":true,"href":"https:\/\/www.altimatel.com\/content\/index.php?rest_route=\/wp\/v2\/users\/1"}],"replies":[{"embeddable":true,"href":"https:\/\/www.altimatel.com\/content\/index.php?rest_route=%2Fwp%2Fv2%2Fcomments&post=1427"}],"version-history":[{"count":7,"href":"https:\/\/www.altimatel.com\/content\/index.php?rest_route=\/wp\/v2\/pages\/1427\/revisions"}],"predecessor-version":[{"id":1457,"href":"https:\/\/www.altimatel.com\/content\/index.php?rest_route=\/wp\/v2\/pages\/1427\/revisions\/1457"}],"wp:attachment":[{"href":"https:\/\/www.altimatel.com\/content\/index.php?rest_route=%2Fwp%2Fv2%2Fmedia&parent=1427"}],"curies":[{"name":"wp","href":"https:\/\/api.w.org\/{rel}","templated":true}]}}