{"id":2102,"date":"2024-12-01T21:28:56","date_gmt":"2024-12-02T02:28:56","guid":{"rendered":"https:\/\/www.altimatel.com\/content\/?page_id=2102"},"modified":"2024-12-12T18:12:56","modified_gmt":"2024-12-12T23:12:56","slug":"altima-upcoming-channel-updates-2","status":"publish","type":"page","link":"https:\/\/www.altimatel.com\/content\/?page_id=2102&lang=fr","title":{"rendered":"Altima Upcoming Channel Updates"},"content":{"rendered":"\n<h2 class=\"wp-block-heading\">Changements de canal de t\u00e9l\u00e9vision \u00e0 venir\n<\/h2>\n<style>\np{\n   margin:30px 0px;\n}\n<\/style>\n\n\n\n<p>En raison de modifications r\u00e9centes du c\u00f4t\u00e9 des fournisseurs, les cha\u00eenes suivantes seront renomm\u00e9es \u00e0 compter du 30 d\u00e9cembre 2024 :<\/p>\n\n\n\n<figure class=\"wp-block-table\"><table><tbody><tr><td><strong>Province<\/strong><\/td><td>Num\u00e9ro de cha\u00eene<\/td><td>Ancien nom de cha\u00eene<\/td><td>Nouveau nom de cha\u00eene<\/td><\/tr><tr><td>ON<\/td><td>118<\/td><td>Food Network<\/td><td>Flavour Network<\/td><\/tr><tr><td>ON<\/td><td>103<\/td><td>HGTV<\/td><td>Home Network<\/td><\/tr><tr><td>QC<\/td><td>123<\/td><td>Food Network<\/td><td>Flavour Network<\/td><\/tr><tr><td>QC<\/td><td>109<\/td><td>HGTV<\/td><td>Home Network<\/td><\/tr><tr><td>BC\/AB\/MB<\/td><td>27<\/td><td>Food Network<\/td><td>Flavour Network<\/td><\/tr><tr><td>BC\/AB\/MB<\/td><td>22<\/td><td>HGTV<\/td><td>Home Network<\/td><\/tr><\/tbody><\/table><\/figure>\n\n\n\n<p>De plus, \u00e0 compter du 1er janvier 2025, les cha\u00eenes suivantes ne seront plus propos\u00e9es sur Altima T\u00e9l\u00e9 :\u00a0<\/p>\n\n\n\n<ul>\n<li>Magnolia Network &#8211; cha\u00eene 121 (Qc), 113 (Ont.)<\/li>\n\n\n\n<li>Cooking Channel\u00a0 &#8211; cha\u00eene 117 (Qc), 109 (Ont.), 114 (C.-B.\/Alb.\/Man.)<\/li>\n\n\n\n<li>MTV &#8211; cha\u00eene 67 (Qc), 55 (Ont.), 24 (C.-B.\/Alb.\/Man.)<\/li>\n\n\n\n<li>Discovery &#8211; (cha\u00eene 96 (Qc), 78 (Ont.), 98 (C.-B.\/Alb.\/Man.)<\/li>\n\n\n\n<li>Investigation Discovery &#8211; cha\u00eene 98 (Qc), 80 (Ont.), 101 (C.-B.\/Alb.\/Man.)<\/li>\n\n\n\n<li>Discovery Velocity &#8211; cha\u00eene 100 (Qc), 84 (Ont.), 106 (C.-B.\/Alb.\/Man.)<\/li>\n\n\n\n<li>Discovery Science &#8211; cha\u00eene 97 (Qc), 79 (Ont.), 99 (C.-B.\/Alb.\/Man.)<\/li>\n\n\n\n<li>Animal Planet &#8211; cha\u00eene 92 (Qc), 75 (Ont.), 108 (C.-B.\/Alb.\/Man.)<\/li>\n<\/ul>\n\n\n\n<p>Les cha\u00eenes seront supprim\u00e9es de votre compte et de tout forfait th\u00e9matique. Aucune action n\u2019est requise de votre part.<\/p>\n\n\n\n<p>Si vous payiez pour l\u2019une de ces cha\u00eenes en tant que cha\u00eene \u00e0 la carte, vous ne serez plus factur\u00e9 pour celles-ci \u00e0 l\u2019avenir. Nous nous excusons pour tout inconv\u00e9nient que cela pourrait causer.\u00a0<\/p>\n\n\n\n<p>Si vous souhaitez apporter des modifications \u00e0 votre forfait t\u00e9l\u00e9, vous pouvez le faire \u00e0 tout moment en appelant le 1-866-810-7940.<\/p>\n\n\n\n<p>Pour en savoir plus sur les plus r\u00e9cents forfaits t\u00e9l\u00e9 et les cha\u00eenes, rendez-vous sur<\/p>\n\n\n\n<ul>\n<li><a href=\"https:\/\/www.altimatel.com\/download\/channels\/ON\/Base?lang=en\" target=\"_blank\" rel=\"noreferrer noopener\">ON<\/a><\/li>\n\n\n\n<li><a href=\"https:\/\/www.altimatel.com\/download\/channels\/QC\/Base?lang=fr\" target=\"_blank\" rel=\"noreferrer noopener\">QC<\/a><\/li>\n\n\n\n<li><a href=\"https:\/\/www.altimatel.com\/tv\/all\/BC\/en\" target=\"_blank\" rel=\"noreferrer noopener\">BC<\/a><\/li>\n\n\n\n<li><a href=\"https:\/\/www.altimatel.com\/tv\/all\/AB\/en\" target=\"_blank\" rel=\"noreferrer noopener\">AB<\/a><\/li>\n\n\n\n<li><a href=\"https:\/\/www.altimatel.com\/tv\/all\/MB\/en\" target=\"_blank\" rel=\"noreferrer noopener\">MB<\/a><\/li>\n<\/ul>\n\n\n\n<p>Pour voir une copie \u00e9lectronique de votre facture des Services r\u00e9sidentiels Altima ou apporter des changements \u00e0 votre compte, veuillez ouvrir une session dans <a href=\"https:\/\/myspace.altimatel.com\/s\/login\/?language=en\">My Space<\/a> et choisir Voir les d\u00e9tails de la facture dans la section Services r\u00e9sidentiels.<\/p>\n\n\n\n<p><\/p>\n","protected":false},"excerpt":{"rendered":"<p>Changements de canal de t\u00e9l\u00e9vision \u00e0 venir En raison de modifications r\u00e9centes du c\u00f4t\u00e9 des fournisseurs, les cha\u00eenes suivantes seront renomm\u00e9es \u00e0 compter du 30 d\u00e9cembre 2024 : Province Num\u00e9ro de cha\u00eene Ancien nom de cha\u00eene Nouveau nom de cha\u00eene ON 118 Food Network Flavour Network ON 103 HGTV Home Network QC 123 Food Network [&hellip;]<\/p>\n","protected":false},"author":1,"featured_media":0,"parent":0,"menu_order":0,"comment_status":"closed","ping_status":"closed","template":"page-templates\/single-column.php","meta":{"_links_to":"","_links_to_target":""},"_links":{"self":[{"href":"https:\/\/www.altimatel.com\/content\/index.php?rest_route=\/wp\/v2\/pages\/2102"}],"collection":[{"href":"https:\/\/www.altimatel.com\/content\/index.php?rest_route=\/wp\/v2\/pages"}],"about":[{"href":"https:\/\/www.altimatel.com\/content\/index.php?rest_route=\/wp\/v2\/types\/page"}],"author":[{"embeddable":true,"href":"https:\/\/www.altimatel.com\/content\/index.php?rest_route=\/wp\/v2\/users\/1"}],"replies":[{"embeddable":true,"href":"https:\/\/www.altimatel.com\/content\/index.php?rest_route=%2Fwp%2Fv2%2Fcomments&post=2102"}],"version-history":[{"count":6,"href":"https:\/\/www.altimatel.com\/content\/index.php?rest_route=\/wp\/v2\/pages\/2102\/revisions"}],"predecessor-version":[{"id":2115,"href":"https:\/\/www.altimatel.com\/content\/index.php?rest_route=\/wp\/v2\/pages\/2102\/revisions\/2115"}],"wp:attachment":[{"href":"https:\/\/www.altimatel.com\/content\/index.php?rest_route=%2Fwp%2Fv2%2Fmedia&parent=2102"}],"curies":[{"name":"wp","href":"https:\/\/api.w.org\/{rel}","templated":true}]}}