{"id":787,"date":"2023-01-09T15:00:22","date_gmt":"2023-01-09T20:00:22","guid":{"rendered":"https:\/\/www.altimatel.com\/content\/?page_id=787"},"modified":"2023-01-09T16:08:22","modified_gmt":"2023-01-09T21:08:22","slug":"le-code-sur-les-services-internet","status":"publish","type":"page","link":"https:\/\/www.altimatel.com\/content\/?page_id=787&lang=fr","title":{"rendered":"Le Code sur les services Internet"},"content":{"rendered":"\n<h2 class=\"wp-block-heading\"><strong>Le Code sur les services Internet<\/strong><\/h2>\n\n\n\n<p><meta charset=\"utf-8\"><strong>\u00c0 compter du 28 janvier 2020<\/strong><\/p>\n\n\n\n<p><\/p>\n\n\n\n<h3 class=\"wp-block-heading\">1. Renseignements \u00e0 propos du Code sur les services Internet du CRTC<\/h3>\n\n\n\n<p>Le Conseil de la radiodiffusion et des t\u00e9l\u00e9communications canadiennes (CRTC) a cr\u00e9\u00e9 le Code sur les services Internet pour que les consommateurs de services Internet connaissent mieux leurs droits et leurs obligations associ\u00e9s \u00e0 leurs contrats avec les fournisseurs de services Internet.<\/p>\n\n\n\n<h3 class=\"wp-block-heading\">2. Le Code sur les services Internet<\/h3>\n\n\n\n<p>\u00c0 compter sur 31 janvier 2020 le Code sur les services Internet du CRTC entrera en vigueur. Pour en savoir plus en ce qui a trait \u00e0 vos droits en tant que client des services Internet, visitez <a href=\"https:\/\/crtc.gc.ca\/fra\/internet\/codesimpl.htm\" target=\"_blank\" rel=\"noreferrer noopener\">le site du CRTC<\/a>.<\/p>\n\n\n\n<p>Si vous \u00e9prouvez des difficult\u00e9s avec votre service, vous pouvez nous <a href=\"https:\/\/www.altimatel.com\/v3\/contact?lang=fr\" data-type=\"URL\" data-id=\"https:\/\/www.altimatel.com\/v3\/contact?lang=fr\" target=\"_blank\" rel=\"noreferrer noopener\">transmettre vos commentaires ou vos suggestions<\/a> au sujet de n\u2019importe lequel de nos produits ou services. Si vous n\u2019\u00eates pas en mesure d\u2019obtenir une solution satisfaisante, la <a href=\"https:\/\/www.ccts-cprst.ca\/fr\/\" target=\"_blank\" rel=\"noreferrer noopener\">Commission des plaintes relatives aux services de t\u00e9l\u00e9com-t\u00e9l\u00e9vision (CPRST)<\/a> pourrait vous venir en aide.<\/p>\n\n\n\n<h3 class=\"wp-block-heading\">3. Code sur les services Internet du CRTC et droits des consommateurs en langue des signes qu\u00e9b\u00e9coise<\/h3>\n\n\n\n<figure class=\"wp-block-embed is-type-video is-provider-youtube wp-block-embed-youtube wp-embed-aspect-16-9 wp-has-aspect-ratio\"><div class=\"wp-block-embed__wrapper\">\n<iframe loading=\"lazy\" title=\"Le Code sur les services Internet - Annonce\" width=\"500\" height=\"281\" src=\"https:\/\/www.youtube.com\/embed\/j_pCOUoyN7U?feature=oembed\" frameborder=\"0\" allow=\"accelerometer; autoplay; clipboard-write; encrypted-media; gyroscope; picture-in-picture; web-share\" allowfullscreen><\/iframe>\n<\/div><\/figure>\n\n\n\n<p>Video 1: <a href=\"https:\/\/www.youtube.com\/watch?v=M64AF2iOi3I\" target=\"_blank\" rel=\"noreferrer noopener\">Le Code sur les services Internet &#8211; Contrat et facturation \u2014 Introduction<\/a><\/p>\n\n\n\n<p>Video 2: <a href=\"https:\/\/www.youtube.com\/watch?v=t-sotwNFqws\"><\/a><a href=\"https:\/\/www.youtube.com\/watch?v=Z0i0P91mork\" target=\"_blank\" rel=\"noreferrer noopener\">Le Code sur les services Internet &#8211; Contrat et facturation \u2014 Frais<\/a><\/p>\n\n\n\n<p>Video 3: <a href=\"https:\/\/www.youtube.com\/watch?v=EmqS8aaV1I8\"><\/a><a href=\"https:\/\/www.youtube.com\/watch?v=pMcXgacg_24\" target=\"_blank\" rel=\"noreferrer noopener\">Le Code sur les services Internet &#8211; Contrat et facturation \u2014 Documents, politiques et avis<\/a><\/p>\n\n\n\n<p>Video 4: <a href=\"https:\/\/www.youtube.com\/watch?v=5lhwyR4wh4M\"><\/a><a href=\"https:\/\/www.youtube.com\/watch?v=IbJQy8Jslho\" target=\"_blank\" rel=\"noreferrer noopener\">Le Code sur les services Internet &#8211; R\u00e9seaux<\/a>Video 5: <a href=\"https:\/\/www.youtube.com\/watch?v=E_LyztY0CvI\">Terminologie &#8211; Appareils et soutien technique<\/a><\/p>\n\n\n\n<p>Video 6: <a href=\"https:\/\/www.youtube.com\/watch?v=xPp0jdfWVEk\"><\/a><a href=\"https:\/\/www.youtube.com\/watch?v=LyDXxI1naeM\" target=\"_blank\" rel=\"noreferrer noopener\">Le Code sur les services Internet &#8211; Comment g\u00e9rer ses donn\u00e9es Internet?<\/a><\/p>\n\n\n\n<p>Video 7: <a href=\"https:\/\/www.youtube.com\/watch?v=aReeqjQ_gQQ\"><\/a><a href=\"https:\/\/www.youtube.com\/watch?v=O49QPczXf6E\" target=\"_blank\" rel=\"noreferrer noopener\">Code sur les services Internet et droits en tant que client<\/a><\/p>\n\n\n\n<p> <\/p>\n\n\n\n<p>                                 <\/p>\n\n\n\n<h2 class=\"wp-block-heading\">     <\/h2>\n\n\n\n<p><\/p>\n","protected":false},"excerpt":{"rendered":"<p>Le Code sur les services Internet \u00c0 compter du 28 janvier 2020 1. Renseignements \u00e0 propos du Code sur les services Internet du CRTC Le Conseil de la radiodiffusion et des t\u00e9l\u00e9communications canadiennes (CRTC) a cr\u00e9\u00e9 le Code sur les services Internet pour que les consommateurs de services Internet connaissent mieux leurs droits et leurs [&hellip;]<\/p>\n","protected":false},"author":1,"featured_media":0,"parent":0,"menu_order":0,"comment_status":"closed","ping_status":"closed","template":"page-templates\/single-column.php","meta":{"_links_to":"","_links_to_target":""},"_links":{"self":[{"href":"https:\/\/www.altimatel.com\/content\/index.php?rest_route=\/wp\/v2\/pages\/787"}],"collection":[{"href":"https:\/\/www.altimatel.com\/content\/index.php?rest_route=\/wp\/v2\/pages"}],"about":[{"href":"https:\/\/www.altimatel.com\/content\/index.php?rest_route=\/wp\/v2\/types\/page"}],"author":[{"embeddable":true,"href":"https:\/\/www.altimatel.com\/content\/index.php?rest_route=\/wp\/v2\/users\/1"}],"replies":[{"embeddable":true,"href":"https:\/\/www.altimatel.com\/content\/index.php?rest_route=%2Fwp%2Fv2%2Fcomments&post=787"}],"version-history":[{"count":9,"href":"https:\/\/www.altimatel.com\/content\/index.php?rest_route=\/wp\/v2\/pages\/787\/revisions"}],"predecessor-version":[{"id":803,"href":"https:\/\/www.altimatel.com\/content\/index.php?rest_route=\/wp\/v2\/pages\/787\/revisions\/803"}],"wp:attachment":[{"href":"https:\/\/www.altimatel.com\/content\/index.php?rest_route=%2Fwp%2Fv2%2Fmedia&parent=787"}],"curies":[{"name":"wp","href":"https:\/\/api.w.org\/{rel}","templated":true}]}}